{"id":809,"date":"2025-10-22T10:35:50","date_gmt":"2025-10-22T10:35:50","guid":{"rendered":"https:\/\/reinow.de\/?page_id=809"},"modified":"2025-12-28T18:29:02","modified_gmt":"2025-12-28T18:29:02","slug":"datenschutz","status":"publish","type":"page","link":"https:\/\/reinow.de\/en\/datenschutz\/","title":{"rendered":"Privacy Policy"},"content":{"rendered":"<div data-elementor-type=\"wp-page\" data-elementor-id=\"809\" class=\"elementor elementor-809\">\n\t\t\t\t<div class=\"elementor-element elementor-element-e6c3b24 e-flex e-con-boxed e-con e-parent\" data-id=\"e6c3b24\" data-element_type=\"container\" data-e-type=\"container\">\n\t\t\t\t\t<div class=\"e-con-inner\">\n\t\t\t\t<div class=\"elementor-element elementor-element-23e5caf elementor-widget elementor-widget-heading\" data-id=\"23e5caf\" data-element_type=\"widget\" data-e-type=\"widget\" data-widget_type=\"heading.default\">\n\t\t\t\t\t<h2 class=\"elementor-heading-title elementor-size-default\">Privacy Policy<\/h2>\t\t\t\t<\/div>\n\t\t<div class=\"elementor-element elementor-element-10c1ada e-flex e-con-boxed e-con e-child\" data-id=\"10c1ada\" data-element_type=\"container\" data-e-type=\"container\">\n\t\t\t\t\t<div class=\"e-con-inner\">\n\t\t<div class=\"elementor-element elementor-element-9ff0915 e-flex e-con-boxed e-con e-child\" data-id=\"9ff0915\" data-element_type=\"container\" data-e-type=\"container\">\n\t\t\t\t\t<div class=\"e-con-inner\">\n\t\t\t\t<div class=\"elementor-element elementor-element-966b223 elementor-widget elementor-widget-text-editor\" data-id=\"966b223\" data-element_type=\"widget\" data-e-type=\"widget\" data-widget_type=\"text-editor.default\">\n\t\t\t\t\t\t\t\t\t<div id=\"model-response-message-contentr_85a7dde53b4e33d3\" class=\"markdown markdown-main-panel stronger enable-updated-hr-color\" dir=\"ltr\">\n<h5>Privacy Policy<\/h5>\n<h5>1. Data protection at a glance<\/h5>\n<h3>General Notes<\/h3>\nThe following notes provide a simple overview of what happens to your personal data when you visit this website. Personal data is all data with which you can be personally identified. Detailed information on the subject of data protection can be found in our privacy policy listed below this text.\n<h3>Data collection on this website<\/h3>\n<b>Who is responsible for data collection on this website?<\/b>\n\nData processing on this website is carried out by the website operator. Their contact details can be found in the section \"Information on the Responsible Body\" in this privacy policy.\n\n<b>How do we collect your data?<\/b>\n\nIhre Daten werden zum einen dadurch erhoben, dass Sie uns diese mitteilen. Hierbei kann es sich z. B. um Daten handeln, die Sie in ein Kontaktformular eingeben.\n\nAndere Daten werden automatisch oder nach Ihrer Einwilligung beim Besuch der Website durch unsere IT-Systeme erfasst. Das sind vor allem technische Daten (z. B. Internetbrowser, Betriebssystem oder Uhrzeit des Seitenaufrufs). Die Erfassung dieser Daten erfolgt automatisch, sobald Sie diese Website betreten.\n\n<b>What do we use your data for?<\/b>\n\nPart of the data is collected to ensure the error-free provision of the website. Other data can be used to analyze your user behavior. If contracts can be concluded or initiated via the website, the transmitted data will also be processed for contract offers, orders, or other order inquiries.\n\n<b>What rights do you have regarding your data?<\/b>\n\nSie haben jederzeit das Recht, unentgeltlich Auskunft \u00fcber Herkunft, Empf\u00e4nger und Zweck Ihrer gespeicherten personenbezogenen Daten zu erhalten. Sie haben au\u00dferdem ein Recht, die Berichtigung oder L\u00f6schung dieser Daten zu verlangen. Wenn Sie eine Einwilligung zur Datenverarbeitung erteilt haben, k\u00f6nnen Sie diese Einwilligung jederzeit f\u00fcr die Zukunft widerrufen. Au\u00dferdem haben Sie das Recht, unter bestimmten Umst\u00e4nden die Einschr\u00e4nkung der Verarbeitung Ihrer personenbezogenen Daten zu verlangen. Des Weiteren steht Ihnen ein Beschwerderecht bei der zust\u00e4ndigen Aufsichtsbeh\u00f6rde zu.\n\nHierzu sowie zu weiteren Fragen zum Thema Datenschutz k\u00f6nnen Sie sich jederzeit an uns wenden.\n<h5>Analysis Tools and Third-Party Tools<\/h5>\nBeim Besuch dieser Website kann Ihr Surf-Verhalten statistisch ausgewertet werden. Das geschieht vor allem mit sogenannten Analyseprogrammen.\n\nDetaillierte Informationen zu diesen Analyseprogrammen finden Sie in der folgenden Datenschutzerkl\u00e4rung.\n<h5>2. Hosting<\/h5>\nWe host the content of our website with the following provider:\n<h5>External Hosting<\/h5>\nDiese Website wird extern gehostet. Die personenbezogenen Daten, die auf dieser Website erfasst werden, werden auf den Servern des Hosters \/ der Hoster gespeichert. Hierbei kann es sich v. a. um IP-Adressen, Kontaktanfragen, Meta- und Kommunikationsdaten, Vertragsdaten, Kontaktdaten, Namen, Websitezugriffe und sonstige Daten, die \u00fcber eine Website generiert werden, handeln.\n\nDas externe Hosting erfolgt zum Zwecke der Vertragserf\u00fcllung gegen\u00fcber unseren potenziellen und bestehenden Kunden (Art. 6 Abs. 1 lit. b DSGVO) und im Interesse einer sicheren, schnellen und effizienten Bereitstellung unseres Online-Angebots durch einen professionellen Anbieter (Art. 6 Abs. 1 lit. f DSGVO). Sofern eine entsprechende Einwilligung abgefragt wurde, erfolgt die Verarbeitung ausschlie\u00dflich auf Grundlage von Art. 6 Abs. 1 lit. a DSGVO und \u00a7 25 Abs. 1 TDDDG, soweit die Einwilligung die Speicherung von Cookies oder den Zugriff auf Informationen im Endger\u00e4t des Nutzers (z. B. Device-Fingerprinting) im Sinne des TDDDG umfasst. Die Einwilligung ist jederzeit widerrufbar.\n\nUnser(e) Hoster wird bzw. werden Ihre Daten nur insoweit verarbeiten, wie dies zur Erf\u00fcllung seiner Leistungspflichten erforderlich ist und unsere Weisungen in Bezug auf diese Daten befolgen.\n\n<b>We use the following hoster(s):<\/b>\n\nLA Webhosting\n\nAzmannsdorfer Weg 2, 99085 Erfurt\n<h5>Data Processing Agreement<\/h5>\nWe have concluded a contract for data processing (AVV) for the use of the above-mentioned service. This is a contract required by data protection law, which guarantees that it processes the personal data of our website visitors only according to our instructions and in compliance with the GDPR.\n<h5>3. General Notes and Mandatory Information<\/h5>\n<h5>Privacy Policy<\/h5>\nDie Betreiber dieser Seiten nehmen den Schutz Ihrer pers\u00f6nlichen Daten sehr ernst. Wir behandeln Ihre personenbezogenen Daten vertraulich und entsprechend den gesetzlichen Datenschutzvorschriften sowie dieser Datenschutzerkl\u00e4rung.\n\nWenn Sie diese Website benutzen, werden verschiedene personenbezogene Daten erhoben. Personenbezogene Daten sind Daten, mit denen Sie pers\u00f6nlich identifiziert werden k\u00f6nnen. Die vorliegende Datenschutzerkl\u00e4rung erl\u00e4utert, welche Daten wir erheben und wof\u00fcr wir sie nutzen. Sie erl\u00e4utert auch, wie und zu welchem Zweck das geschieht.\n\nWir weisen darauf hin, dass die Daten\u00fcbertragung im Internet (z. B. bei der Kommunikation per E-Mail) Sicherheitsl\u00fccken aufweisen kann. Ein l\u00fcckenloser Schutz der Daten vor dem Zugriff durch Dritte ist nicht m\u00f6glich.\n<h5>Note on the Responsible Body<\/h5>\nDie verantwortliche Stelle f\u00fcr die Datenverarbeitung auf dieser Website ist:\n\nREINOW UG\n\nTelefon: +49 1514 6885 910\n\nE-Mail: info@reinow-ug.de\n\nVerantwortliche Stelle ist die nat\u00fcrliche oder juristische Person, die allein oder gemeinsam mit anderen \u00fcber die Zwecke und Mittel der Verarbeitung von personenbezogenen Daten (z. B. Namen, E-Mail-Adressen o. \u00c4.) entscheidet.\n<h5>Storage Duration<\/h5>\nUnless a more specific storage period has been mentioned within this privacy policy, your personal data will remain with us until the purpose for data processing no longer applies. If you assert a justified request for deletion or revoke consent to data processing, your data will be deleted, provided we have no other legally permissible reasons for storing your personal data (e.g., tax or commercial law retention periods); in the latter case, the deletion will take place after these reasons cease to apply.\n<h5>General notes on the legal bases of data processing on this website<\/h5>\nInsofar as you have consented to the data processing, we process your personal data on the basis of Art. 6 Para. 1 lit. a GDPR or Art. 9 Para. 2 lit. a GDPR, insofar as special categories of data are processed according to Art. 9 Para. 1 GDPR. In the case of explicit consent to the transfer of personal data to third countries, the data processing also takes place on the basis of Art. 49 Para. 1 lit. a GDPR. Insofar as you have consented to the storage of cookies or to the access to information in your terminal device (e.g., via device fingerprinting), the data processing takes place additionally on the basis of \u00a7 25 Para. 1 TDDDG. The consent is revocable at any time. If your data is required for the fulfillment of a contract or for the implementation of pre-contractual measures, we process your data on the basis of Art. 6 Para. 1 lit. b GDPR. Furthermore, we process your data insofar as this is necessary for the fulfillment of a legal obligation on the basis of Art. 6 Para. 1 lit. c GDPR. The data processing can also take place on the basis of our legitimate interest according to Art. 6 Para. 1 lit. f GDPR. Information on the relevant legal bases in each individual case is provided in the following paragraphs of this privacy policy.\n<h5>Note on data transfer to third countries that are not secure under data protection law and the transfer to US companies that are not DPF-certified<\/h5>\nWir verwenden unter anderem Tools von Unternehmen mit Sitz in datenschutzrechtlich nicht sicheren Drittstaaten sowie US-Tools, deren Anbieter nicht nach dem EU-US-Data Privacy Framework (DPF) zertifiziert sind. Wenn diese Tools aktiv sind, k\u00f6nnen Ihre personenbezogene Daten in diese Staaten \u00fcbertragen und dort verarbeitet werden. Wir weisen darauf hin, dass in datenschutzrechtlich unsicheren Drittstaaten kein mit der EU vergleichbares Datenschutzniveau garantiert werden kann.\n\nWir weisen darauf hin, dass die USA als sicherer Drittstaat grunds\u00e4tzlich ein mit der EU vergleichbares Datenschutzniveau aufweisen. Eine Daten\u00fcbertragung in die USA ist danach zul\u00e4ssig, wenn der Empf\u00e4nger eine Zertifizierung unter dem \u201eEU-US Data Privacy Framework\u201c (DPF) besitzt oder \u00fcber geeignete zus\u00e4tzliche Garantien verf\u00fcgt. Informationen zu \u00dcbermittlungen an Drittstaaten einschlie\u00dflich der Datenempf\u00e4nger finden Sie in dieser Datenschutzerkl\u00e4rung.\n<h5>Recipients of personal data<\/h5>\nIn the context of our business activities, we work together with various external bodies. In this context, a transmission of personal data to these external bodies is partly necessary. We only pass on personal data to external bodies if this is necessary within the framework of fulfilling a contract, if we are legally obliged to do so (e.g., passing on data to tax authorities), if we have a legitimate interest according to Art. 6 Para. 1 lit. f GDPR in the passing on, or if another legal basis permits the data passing on. When using data processors, we only pass on personal data of our customers on the basis of a valid contract on data processing. In the case of joint processing, a contract on joint processing is concluded.\n<h5>Revocation of your consent to data processing<\/h5>\nMany data processing operations are only possible with your express consent. You can revoke consent already given at any time. The legality of the data processing carried out until the revocation remains unaffected by the revocation.\n<h5>Right to object to data collection in special cases and against direct advertising (Art. 21 GDPR)<\/h5>\nWENN DIE DATENVERARBEITUNG AUF GRUNDLAGE VON ART. 6 ABS. 1 LIT. E ODER F DSGVO ERFOLGT, HABEN SIE JEDERZEIT DAS RECHT, AUS GR\u00dcNDEN, DIE SICH AUS IHRER BESONDEREN SITUATION ERGEBEN, GEGEN DIE VERARBEITUNG IHRER PERSONENBEZOGENEN DATEN WIDERSPRUCH EINZULEGEN; DIES GILT AUCH F\u00dcR EIN AUF DIESE BESTIMMUNGEN GEST\u00dcTZTES PROFILING. DIE JEWEILIGE RECHTSGRUNDLAGE, AUF DENEN EINE VERARBEITUNG BERUHT, ENTNEHMEN SIE DIESER DATENSCHUTZERKL\u00c4RUNG. WENN SIE WIDERSPRUCH EINLEGEN, WERDEN WIR IHRE BETROFFENEN PERSONENBEZOGENEN DATEN NICHT MEHR VERARBEITEN, ES SEI DENN, WIR K\u00d6NNEN ZWINGENDE SCHUTZW\u00dcRDIGE GR\u00dcNDE F\u00dcR DIE VERARBEITUNG NACHWEISEN, DIE IHRE INTERESSEN, RECHTE UND FREIHEITEN \u00dcBERWIEGEN ODER DIE VERARBEITUNG DIENT DER GELTENDMACHUNG, AUS\u00dcBUNG ODER VERTEIDIGUNG VON RECHTSANSPR\u00dcCHEN (WIDERSPRUCH NACH ART. 21 ABS. 1 DSGVO).\n\nWERDEN IHRE PERSONENBEZOGENEN DATEN VERARBEITET, UM DIREKTWERBUNG ZU BETREIBEN, SO HABEN SIE DAS RECHT, JEDERZEIT WIDERSPRUCH GEGEN DIE VERARBEITUNG SIE BETREFFENDER PERSONENBEZOGENER DATEN ZUM ZWECKE DERARTIGER WERBUNG EINZULEGEN; DIES GILT AUCH F\u00dcR DAS PROFILING, SOWEIT ES MIT SOLCHER DIREKTWERBUNG IN VERBINDUNG STEHT. WENN SIE WIDERSPRECHEN, WERDEN IHRE PERSONENBEZOGENEN DATEN ANSCHLIESSEND NICHT MEHR ZUM ZWECKE DER DIREKTWERBUNG VERWENDET (WIDERSPRUCH NACH ART. 21 ABS. 2 DSGVO).\n<h5>Right to lodge a complaint with the competent supervisory authority<\/h5>\nIn the event of violations of the GDPR, data subjects have a right to lodge a complaint with a supervisory authority, in particular in the Member State of their habitual residence, their place of work, or the place of the alleged violation. The right to lodge a complaint exists without prejudice to other administrative or judicial remedies.\n<h5>Right to data portability<\/h5>\nYou have the right to have data that we process automatically on the basis of your consent or in fulfillment of a contract handed over to you or to a third party in a common, machine-readable format. If you request the direct transfer of the data to another controller, this will only be done insofar as it is technically feasible.\n<h5>Information, rectification, and erasure<\/h5>\nWithin the framework of the applicable legal provisions, you have the right at any time to free information about your stored personal data, its origin and recipient and the purpose of the data processing and, if applicable, a right to rectification or erasure of this data. You can contact us at any time regarding this and other questions on the subject of personal data.\n<h5>Right to restriction of processing<\/h5>\nYou have the right to request the restriction of the processing of your personal data. You can contact us at any time regarding this. The right to restriction of processing exists in the following cases:\n<ul>\n \t<li>If you dispute the accuracy of your personal data stored by us, we usually need time to check this. For the duration of the check, you have the right to request the restriction of the processing of your personal data.<\/li>\n \t<li>If the processing of your personal data happened\/is happening unlawfully, you can request the restriction of data processing instead of deletion.<\/li>\n \t<li>If we no longer need your personal data, but you need it to exercise, defend or assert legal claims, you have the right to request the restriction of the processing of your personal data instead of deletion.<\/li>\n \t<li>If you have lodged an objection according to Art. 21 Para. 1 GDPR, a balance must be made between your interests and ours. As long as it is not yet clear whose interests prevail, you have the right to request the restriction of the processing of your personal data.<\/li>\n<\/ul>\nIf you have restricted the processing of your personal data, this data \u2013 apart from its storage \u2013 may only be processed with your consent or for the assertion, exercise or defense of legal claims or for the protection of the rights of another natural or legal person or for reasons of important public interest of the European Union or a Member State.\n<h5>SSL or TLS encryption<\/h5>\nDiese Seite nutzt aus Sicherheitsgr\u00fcnden und zum Schutz der \u00dcbertragung vertraulicher Inhalte, wie zum Beispiel Bestellungen oder Anfragen, die Sie an uns als Seitenbetreiber senden, eine SSL- bzw. TLS-Verschl\u00fcsselung. Eine verschl\u00fcsselte Verbindung erkennen Sie daran, dass die Adresszeile des Browsers von \u201ehttp:\/\/\u201c auf \u201ehttps:\/\/\u201c wechselt und an dem Schloss-Symbol in Ihrer Browserzeile.\n\nWenn die SSL- bzw. TLS-Verschl\u00fcsselung aktiviert ist, k\u00f6nnen die Daten, die Sie an uns \u00fcbermitteln, nicht von Dritten mitgelesen werden.\n<h5>Objection to promotional e-mails<\/h5>\nThe use of contact data published within the framework of the imprint obligation for the transmission of not expressly requested advertising and information materials is hereby objected to. The operators of the pages expressly reserve the right to take legal action in the event of the unsolicited sending of advertising information, such as spam e-mails.\n<h5>4. Data collection on this website<\/h5>\n<h5>Cookies<\/h5>\nUnsere Internetseiten verwenden so genannte \u201eCookies\u201c. Cookies sind kleine Datenpakete und richten auf Ihrem Endger\u00e4t keinen Schaden an. Sie werden entweder vor\u00fcbergehend f\u00fcr die Dauer einer Sitzung (Session-Cookies) oder dauerhaft (permanente Cookies) auf Ihrem Endger\u00e4t gespeichert. Session-Cookies werden nach Ende Ihres Besuchs automatisch gel\u00f6scht. Permanente Cookies bleiben auf Ihrem Endger\u00e4t gespeichert, bis Sie diese selbst l\u00f6schen oder eine automatische L\u00f6schung durch Ihren Webbrowser erfolgt.\n\nCookies k\u00f6nnen von uns (First-Party-Cookies) oder von Drittunternehmen stammen (sog. Third-Party-Cookies). Third-Party-Cookies erm\u00f6glichen die Einbindung bestimmter Dienstleistungen von Drittunternehmen innerhalb von Webseiten (z. B. Cookies zur Abwicklung von Zahlungsdienstleistungen).\n\nCookies haben verschiedene Funktionen. Zahlreiche Cookies sind technisch notwendig, da bestimmte Webseitenfunktionen ohne diese nicht funktionieren w\u00fcrden (z. B. die Warenkorbfunktion oder die Anzeige von Videos). Andere Cookies k\u00f6nnen zur Auswertung des Nutzerverhaltens oder zu Werbezecken verwendet werden.\n\nCookies, die zur Durchf\u00fchrung des elektronischen Kommunikationsvorgangs, zur Bereitstellung bestimmter, von Ihnen erw\u00fcnschter Funktionen (z. B. f\u00fcr die Warenkorbfunktion) oder zur Optimierung der Website (z. B. Cookies zur Messung des Webpublikums) erforderlich sind (notwendige Cookies), werden auf Grundlage von Art. 6 Abs. 1 lit. f DSGVO gespeichert, sofern keine andere Rechtsgrundlage angegeben wird. Der Websitebetreiber hat ein berechtigtes Interesse an der Speicherung von notwendigen Cookies zur technisch fehlerfreien und optimierten Bereitstellung seiner Dienste. Sofern eine Einwilligung zur Speicherung von Cookies und vergleichbaren Wiedererkennungstechnologien abgefragt wurde, erfolgt die Verarbeitung ausschlie\u00dflich auf Grundlage dieser Einwilligung (Art. 6 Abs. 1 lit. a DSGVO und \u00a7 25 Abs. 1 TDDDG); die Einwilligung ist jederzeit widerrufbar.\n\nSie k\u00f6nnen Ihren Browser so einstellen, dass Sie \u00fcber das Setzen von Cookies informiert werden und Cookies nur im Einzelfall erlauben, die Annahme von Cookies f\u00fcr bestimmte F\u00e4lle oder generell ausschlie\u00dfen sowie das automatische L\u00f6schen der Cookies beim Schlie\u00dfen des Browsers aktivieren. Bei der Deaktivierung von Cookies kann die Funktionalit\u00e4t dieser Website eingeschr\u00e4nkt sein.\n\nWelche Cookies und Dienste auf dieser Website eingesetzt werden, k\u00f6nnen Sie dieser Datenschutzerkl\u00e4rung entnehmen.\n<h5>5. Plugins and Tools<\/h5>\n<h5>Google Maps<\/h5>\nDiese Seite nutzt den Kartendienst Google Maps. Anbieter ist die Google Ireland Limited (\u201eGoogle\u201c), Gordon House, Barrow Street, Dublin 4, Irland. Mit Hilfe dieses Dienstes k\u00f6nnen wir Kartenmaterial auf unserer Website einbinden.\n\nZur Nutzung der Funktionen von Google Maps ist es notwendig, Ihre IP-Adresse zu speichern. Diese Informationen werden in der Regel an einen Server von Google in den USA \u00fcbertragen und dort gespeichert. Der Anbieter dieser Seite hat keinen Einfluss auf diese Daten\u00fcbertragung. Wenn Google Maps aktiviert ist, kann Google zum Zwecke der einheitlichen Darstellung der Schriftarten Google Fonts verwenden. Beim Aufruf von Google Maps l\u00e4dt Ihr Browser die ben\u00f6tigten Web Fonts in ihren Browsercache, um Texte und Schriftarten korrekt anzuzeigen.\n\nDie Nutzung von Google Maps erfolgt im Interesse einer ansprechenden Darstellung unserer Online-Angebote und an einer leichten Auffindbarkeit der von uns auf der Website angegebenen Orte. Dies stellt ein berechtigtes Interesse im Sinne von Art. 6 Abs. 1 lit. f DSGVO dar. Sofern eine entsprechende Einwilligung abgefragt wurde, erfolgt die Verarbeitung ausschlie\u00dflich auf Grundlage von Art. 6 Abs. 1 lit. a DSGVO und \u00a7 25 Abs. 1 TDDDG, soweit die Einwilligung die Speicherung von Cookies oder den Zugriff auf Informationen im Endger\u00e4t des Nutzers (z. B. Device-Fingerprinting) im Sinne des TDDDG umfasst. Die Einwilligung ist jederzeit widerrufbar.\n\nDie Daten\u00fcbertragung in die USA wird auf die Standardvertragsklauseln der EU-Kommission gest\u00fctzt. Details finden Sie hier:\n\nQuelle: <a style=\"font-size: 80%; word-break: break-all;\" href=\"https:\/\/privacy.google.com\/businesses\/gdprcontrollerterms\/\" target=\"_blank\" rel=\"noopener\">https:\/\/privacy.google.com\/businesses\/gdprcontrollerterms\/<\/a>\n\nSource: https:\/\/www.datenschutzerklaerung.de <a style=\"font-size: 80%; word-break: break-all;\" href=\"https:\/\/privacy.google.com\/businesses\/gdprcontrollerterms\/\" target=\"_blank\" rel=\"noopener\">https:\/\/privacy.google.com\/businesses\/gdprcontrollerterms\/sccs\/.<\/a>\n\nMehr Informationen zum Umgang mit Nutzerdaten finden Sie in der Datenschutzerkl\u00e4rung von Google:\n\nhttps:\/\/policies.google.com\/privacy?hl=de.\n\nDas Unternehmen verf\u00fcgt \u00fcber eine Zertifizierung nach dem \u201eEU-US Data Privacy Framework\u201c (DPF). Der DPF ist ein \u00dcbereinkommen zwischen der Europ\u00e4ischen Union und den USA, der die Einhaltung europ\u00e4ischer Datenschutzstandards bei Datenverarbeitungen in den USA gew\u00e4hrleisten soll. Jedes nach dem DPF zertifizierte Unternehmen verpflichtet sich, diese Datenschutzstandards einzuhalten.\n<h5>Wordfence<\/h5>\nWir haben Wordfence auf dieser Website eingebunden. Anbieter ist Defiant Inc., Defiant, Inc., 800 5th Ave Ste 4100, Seattle, WA 98104, USA (nachfolgend \u201eWordfence\u201c).\n\nWordfence dient dem Schutz unserer Website vor unerw\u00fcnschten Zugriffen oder b\u00f6sartigen Cyberattacken. Zu diesem Zweck stellt unsere Website eine dauerhafte Verbindung zu den Servern von Wordfence her, damit Wordfence seine Datenbanken mit den auf unserer Website get\u00e4tigten Zugriffen abgleichen und ggf. blockieren kann.\n\nDie Verwendung von Wordfence erfolgt auf Grundlage von Art. 6 Abs. 1 lit. f DSGVO. Der Websitebetreiber hat ein berechtigtes Interesse an einem m\u00f6glichst effektiven Schutz seiner Website vor Cyberattacken. Sofern eine entsprechende Einwilligung abgefragt wurde, erfolgt die Verarbeitung ausschlie\u00dflich auf Grundlage von Art. 6 Abs. 1 lit. a DSGVO und \u00a7 25 Abs. 1 TDDDG, soweit die Einwilligung die Speicherung von Cookies oder den Zugriff auf Informationen im Endger\u00e4t des Nutzers (z. B. Device-Fingerprinting) im Sinne des TDDDG umfasst. Die Einwilligung ist jederzeit widerrufbar.\n\n<hr \/>\n\nSource: https:\/\/www.datenschutzerklaerung.de <a class=\"ng-star-inserted\" style=\"font-size: 12px;\" href=\"https:\/\/www.datenschutzerklaerung.de\/\" target=\"_blank\" rel=\"noopener\">https:\/\/www.datenschutzerklaerung.de<\/a>\n\n<\/div>\t\t\t\t\t\t\t\t<\/div>\n\t\t\t\t\t<\/div>\n\t\t\t\t<\/div>\n\t\t\t\t\t<\/div>\n\t\t\t\t<\/div>\n\t\t\t\t\t<\/div>\n\t\t\t\t<\/div>\n\t\t\t\t<\/div>","protected":false},"excerpt":{"rendered":"<p>Datenschutz Datenschutzerkl\u00e4rung 1. Datenschutz auf einen Blick Allgemeine Hinweise Die folgenden Hinweise geben einen einfachen \u00dcberblick dar\u00fcber, was mit Ihren personenbezogenen Daten passiert, wenn Sie diese Website besuchen. Personenbezogene Daten sind alle Daten, mit denen Sie pers\u00f6nlich identifiziert werden k\u00f6nnen. Ausf\u00fchrliche Informationen zum Thema Datenschutz entnehmen Sie unserer unter diesem Text aufgef\u00fchrten Datenschutzerkl\u00e4rung. Datenerfassung auf [&hellip;]<\/p>\n","protected":false},"author":1,"featured_media":0,"parent":0,"menu_order":0,"comment_status":"closed","ping_status":"closed","template":"","meta":{"footnotes":""},"class_list":["post-809","page","type-page","status-publish","hentry"],"_links":{"self":[{"href":"https:\/\/reinow.de\/en\/wp-json\/wp\/v2\/pages\/809","targetHints":{"allow":["GET"]}}],"collection":[{"href":"https:\/\/reinow.de\/en\/wp-json\/wp\/v2\/pages"}],"about":[{"href":"https:\/\/reinow.de\/en\/wp-json\/wp\/v2\/types\/page"}],"author":[{"embeddable":true,"href":"https:\/\/reinow.de\/en\/wp-json\/wp\/v2\/users\/1"}],"replies":[{"embeddable":true,"href":"https:\/\/reinow.de\/en\/wp-json\/wp\/v2\/comments?post=809"}],"version-history":[{"count":76,"href":"https:\/\/reinow.de\/en\/wp-json\/wp\/v2\/pages\/809\/revisions"}],"predecessor-version":[{"id":3132,"href":"https:\/\/reinow.de\/en\/wp-json\/wp\/v2\/pages\/809\/revisions\/3132"}],"wp:attachment":[{"href":"https:\/\/reinow.de\/en\/wp-json\/wp\/v2\/media?parent=809"}],"curies":[{"name":"wp","href":"https:\/\/api.w.org\/{rel}","templated":true}]}}