{"id":787,"date":"2025-10-22T09:51:40","date_gmt":"2025-10-22T09:51:40","guid":{"rendered":"https:\/\/reinow.de\/?page_id=787"},"modified":"2025-12-28T18:06:01","modified_gmt":"2025-12-28T18:06:01","slug":"impressum","status":"publish","type":"page","link":"https:\/\/reinow.de\/en\/impressum\/","title":{"rendered":"Imprint"},"content":{"rendered":"<div data-elementor-type=\"wp-page\" data-elementor-id=\"787\" class=\"elementor elementor-787\">\n\t\t\t\t<div class=\"elementor-element elementor-element-6d59263 e-flex e-con-boxed e-con e-parent\" data-id=\"6d59263\" data-element_type=\"container\" data-e-type=\"container\">\n\t\t\t\t\t<div class=\"e-con-inner\">\n\t\t\t\t<div class=\"elementor-element elementor-element-e270de8 elementor-widget elementor-widget-heading\" data-id=\"e270de8\" data-element_type=\"widget\" data-e-type=\"widget\" data-widget_type=\"heading.default\">\n\t\t\t\t\t<h2 class=\"elementor-heading-title elementor-size-default\">Imprint<\/h2>\t\t\t\t<\/div>\n\t\t<div class=\"elementor-element elementor-element-b3de847 e-flex e-con-boxed e-con e-child\" data-id=\"b3de847\" data-element_type=\"container\" data-e-type=\"container\">\n\t\t\t\t\t<div class=\"e-con-inner\">\n\t\t<div class=\"elementor-element elementor-element-981a4cc e-con-full e-flex e-con e-child\" data-id=\"981a4cc\" data-element_type=\"container\" data-e-type=\"container\">\n\t\t\t\t<div class=\"elementor-element elementor-element-ca1b733 elementor-widget elementor-widget-text-editor\" data-id=\"ca1b733\" data-element_type=\"widget\" data-e-type=\"widget\" data-widget_type=\"text-editor.default\">\n\t\t\t\t\t\t\t\t\t<p>Information pursuant to \u00a7 5 TMG (German Telemedia Act):<\/p><p>REINOW UG (haftungsbeschr\u00e4nkt)<br \/>G\u00e4rtnerweg 7<br \/>94474 Vilshofen an der Donau<\/p><p>Contact<br \/>+49 1514 6885910<br \/>info@reinow-ug.de<br \/>www.reinow.de<\/p><p>Register Court: Passau<br \/>Registration Number: HRB 12932<br \/>Authorized Managing Director: Gianina-Mihaela Bacsa<br \/>VAT Identification Number pursuant to \u00a7 27a UStG:<\/p>\t\t\t\t\t\t\t\t<\/div>\n\t\t\t\t<\/div>\n\t\t<div class=\"elementor-element elementor-element-cb867fc e-flex e-con-boxed e-con e-child\" data-id=\"cb867fc\" data-element_type=\"container\" data-e-type=\"container\">\n\t\t\t\t\t<div class=\"e-con-inner\">\n\t\t\t\t<div class=\"elementor-element elementor-element-01573a4 elementor-widget elementor-widget-text-editor\" data-id=\"01573a4\" data-element_type=\"widget\" data-e-type=\"widget\" data-widget_type=\"text-editor.default\">\n\t\t\t\t\t\t\t\t\t<center><strong>DISCLAIMER<\/strong><\/center><p><strong>1. Warning regarding content<\/strong><\/p><p>The free and freely accessible contents of this website were created with the greatest possible care. However, the provider of this website assumes no liability for the accuracy and timeliness of the provided free and freely accessible journalistic guides and news. The use of this website\u2019s content is at the user's own risk. Merely by calling up these free and freely accessible contents, no contractual relationship is established between the user and the provider; in this respect, the provider lacks the intention to be legally bound.<\/p><p><strong>2. External Links<\/strong><\/p><p>The website contains links to other websites (\"external links\"). These websites are subject to the liability of the respective site operators. At the time of linking the external links, no legal violations were apparent. The provider has no influence on the current and future design of the linked pages. Permanent monitoring of external links is unreasonable for the provider without concrete evidence of legal violations. Upon becoming aware of legal violations, the affected external links will be deleted immediately.<\/p><p><strong>3. Copyright \/ Ancillary Copyright<\/strong><\/p><p>The content published on this website by the provider is subject to German copyright and ancillary copyright law. Any use not permitted by German copyright and ancillary copyright law requires the prior written consent of the provider or the respective rights holder. This applies in particular to duplication, editing, translation, storage, processing, or reproduction of content in databases or other electronic media and systems. Content and rights of third parties are marked as such. The unauthorized copying of the website content or the complete website is not permitted and is punishable by law. Only the production of copies and downloads for personal, private, and non-commercial use is permitted.<\/p><p>This website may not be displayed by third parties in frames or iFrames without written permission.<\/p><p><strong>4. No Advertising<\/strong><\/p><p>The use of the contact details published in the Imprint for commercial advertising is expressly unwanted, unless the provider has given their prior written consent or a business relationship already exists. The provider and all persons named on this website hereby object to any commercial use and disclosure of their data.<\/p><p><strong>5. Special Terms of Use<\/strong><\/p><p>Insofar as special conditions for individual uses of this website deviate from the aforementioned numbers 1 to 4, this will be expressly pointed out at the appropriate place. In this case, the special conditions apply in the respective individual case.<\/p>\t\t\t\t\t\t\t\t<\/div>\n\t\t\t\t<div class=\"elementor-element elementor-element-94b0dd4 elementor-widget elementor-widget-text-editor\" data-id=\"94b0dd4\" data-element_type=\"widget\" data-e-type=\"widget\" data-widget_type=\"text-editor.default\">\n\t\t\t\t\t\t\t\t\t<p>We use royalty-free images from the platform Pexels.com on this website.<\/p><p>The copyrights remain with the respective photographers.<\/p>\t\t\t\t\t\t\t\t<\/div>\n\t\t\t\t\t<\/div>\n\t\t\t\t<\/div>\n\t\t\t\t\t<\/div>\n\t\t\t\t<\/div>\n\t\t\t\t\t<\/div>\n\t\t\t\t<\/div>\n\t\t\t\t<\/div>","protected":false},"excerpt":{"rendered":"<p>Impressum Angaben gem\u00e4\u00df \u00a7 5 TMG: REINOW UG (haftungsbeschr\u00e4nkt)G\u00e4rtnerweg 794474 Vilshofen an der Donau Kontakt:+49 1514 6885910info@reinow-ug.dewww.reinow.de Registergericht: PassauRegisternummer: HRB 12932Vertretungsberechtigte Gesch\u00e4ftsf\u00fchrer: Gianina-Mihaela BacsaUmsatzsteuer-Identifikationsnummer nach \u00a7 27a UStG: DE455978836 DISCLAIMER 1. Warnhinweis zu Inhalten Die kostenlosen und frei zug\u00e4nglichen Inhalte dieser Webseite wurden mit gr\u00f6\u00dftm\u00f6glicher Sorgfalt erstellt. Der Anbieter dieser Webseite \u00fcbernimmt jedoch keine Gew\u00e4hr [&hellip;]<\/p>\n","protected":false},"author":1,"featured_media":0,"parent":0,"menu_order":0,"comment_status":"closed","ping_status":"closed","template":"","meta":{"footnotes":""},"class_list":["post-787","page","type-page","status-publish","hentry"],"_links":{"self":[{"href":"https:\/\/reinow.de\/en\/wp-json\/wp\/v2\/pages\/787","targetHints":{"allow":["GET"]}}],"collection":[{"href":"https:\/\/reinow.de\/en\/wp-json\/wp\/v2\/pages"}],"about":[{"href":"https:\/\/reinow.de\/en\/wp-json\/wp\/v2\/types\/page"}],"author":[{"embeddable":true,"href":"https:\/\/reinow.de\/en\/wp-json\/wp\/v2\/users\/1"}],"replies":[{"embeddable":true,"href":"https:\/\/reinow.de\/en\/wp-json\/wp\/v2\/comments?post=787"}],"version-history":[{"count":49,"href":"https:\/\/reinow.de\/en\/wp-json\/wp\/v2\/pages\/787\/revisions"}],"predecessor-version":[{"id":3085,"href":"https:\/\/reinow.de\/en\/wp-json\/wp\/v2\/pages\/787\/revisions\/3085"}],"wp:attachment":[{"href":"https:\/\/reinow.de\/en\/wp-json\/wp\/v2\/media?parent=787"}],"curies":[{"name":"wp","href":"https:\/\/api.w.org\/{rel}","templated":true}]}}