{"id":1000,"date":"2025-11-14T20:54:55","date_gmt":"2025-11-14T20:54:55","guid":{"rendered":"https:\/\/reinow.de\/?page_id=1000"},"modified":"2025-12-11T19:24:00","modified_gmt":"2025-12-11T19:24:00","slug":"ueber-uns","status":"publish","type":"page","link":"https:\/\/reinow.de\/en\/ueber-uns\/","title":{"rendered":"\u00dcber Uns"},"content":{"rendered":"<div data-elementor-type=\"wp-page\" data-elementor-id=\"1000\" class=\"elementor elementor-1000\">\n\t\t\t\t<div class=\"elementor-element elementor-element-b93ef7f e-con-full e-flex e-con e-parent\" data-id=\"b93ef7f\" data-element_type=\"container\" data-e-type=\"container\">\n\t\t<div class=\"elementor-element elementor-element-7b55ec8 e-flex e-con-boxed e-con e-child\" data-id=\"7b55ec8\" data-element_type=\"container\" data-e-type=\"container\">\n\t\t\t\t\t<div class=\"e-con-inner\">\n\t\t<div class=\"elementor-element elementor-element-74582e5 e-con-full e-flex e-con e-child\" data-id=\"74582e5\" data-element_type=\"container\" data-e-type=\"container\">\n\t\t\t\t<div class=\"elementor-element elementor-element-3f3cc46 elementor-widget elementor-widget-heading\" data-id=\"3f3cc46\" data-element_type=\"widget\" data-e-type=\"widget\" data-widget_type=\"heading.default\">\n\t\t\t\t\t<h2 class=\"elementor-heading-title elementor-size-default translation-block\"><span style=\"border-bottom: 4px solid #F96F0D;padding-bottom: 0px\">Welc<\/span>ome to REINOW<\/h2>\t\t\t\t<\/div>\n\t\t<div class=\"elementor-element elementor-element-768d7c7 e-con-full e-flex e-con e-child\" data-id=\"768d7c7\" data-element_type=\"container\" data-e-type=\"container\">\n\t\t\t\t<div class=\"elementor-element elementor-element-52e1763 elementor-widget elementor-widget-text-editor\" data-id=\"52e1763\" data-element_type=\"widget\" data-e-type=\"widget\" data-widget_type=\"text-editor.default\">\n\t\t\t\t\t\t\t\t\t<p data-path-to-node=\"2\">What began as a small cleaning service in Vilshofen an der Donau has grown into a reliable company driven by dedication and passion. From the very start, our goal has been to create more than just clean spaces. We want to create environments where people truly feel comfortable.<\/p><p data-path-to-node=\"3\">We have been working with the same dedication and care for years, just as we did on day one. Our customers across Bavaria know that we pay attention to every detail and value the highest quality. For us, every job is a new opportunity to show that cleaning can mean more: trust, precision, and the peace of mind that everything is just right.<\/p><p data-path-to-node=\"4\">See for yourself \u2013 because we are more than just cleaning. We are REINOW.<\/p>\t\t\t\t\t\t\t\t<\/div>\n\t\t\t\t<\/div>\n\t\t\t\t<div class=\"elementor-element elementor-element-04fdf44 elementor-align-left elementor-tablet-align-center elementor-widget elementor-widget-button\" data-id=\"04fdf44\" data-element_type=\"widget\" data-e-type=\"widget\" data-settings=\"{&quot;_animation&quot;:&quot;none&quot;}\" data-widget_type=\"button.default\">\n\t\t\t\t\t\t\t\t\t\t<a class=\"elementor-button elementor-button-link elementor-size-sm elementor-animation-grow\" href=\"https:\/\/reinow.de\/en\/leistungen\/\">\n\t\t\t\t\t\t<span class=\"elementor-button-content-wrapper\">\n\t\t\t\t\t\t\t\t\t<span class=\"elementor-button-text\">Services<\/span>\n\t\t\t\t\t<\/span>\n\t\t\t\t\t<\/a>\n\t\t\t\t\t\t\t\t<\/div>\n\t\t\t\t<\/div>\n\t\t<div class=\"elementor-element elementor-element-d00f8f0 e-con-full elementor-hidden-tablet elementor-hidden-mobile e-flex e-con e-child\" data-id=\"d00f8f0\" data-element_type=\"container\" data-e-type=\"container\">\n\t\t\t\t<div class=\"elementor-element elementor-element-88fcaab elementor-hidden-mobile elementor-widget elementor-widget-image\" data-id=\"88fcaab\" data-element_type=\"widget\" data-e-type=\"widget\" data-widget_type=\"image.default\">\n\t\t\t\t\t\t\t\t\t\t\t\t\t\t\t<img fetchpriority=\"high\" decoding=\"async\" width=\"1024\" height=\"728\" src=\"https:\/\/reinow.de\/wp-content\/uploads\/2025\/11\/A5168D45-82D7-4DB1-97EC-8D6DCE3A7636v2.png\" class=\"attachment-full size-full wp-image-1295\" alt=\"\" srcset=\"https:\/\/reinow.de\/wp-content\/uploads\/2025\/11\/A5168D45-82D7-4DB1-97EC-8D6DCE3A7636v2.png 1024w, https:\/\/reinow.de\/wp-content\/uploads\/2025\/11\/A5168D45-82D7-4DB1-97EC-8D6DCE3A7636v2-300x213.png 300w, https:\/\/reinow.de\/wp-content\/uploads\/2025\/11\/A5168D45-82D7-4DB1-97EC-8D6DCE3A7636v2-768x546.png 768w\" sizes=\"(max-width: 1024px) 100vw, 1024px\" \/>\t\t\t\t\t\t\t\t\t\t\t\t\t\t\t<\/div>\n\t\t\t\t<\/div>\n\t\t\t\t\t<\/div>\n\t\t\t\t<\/div>\n\t\t\t\t<\/div>\n\t\t\t\t<\/div>","protected":false},"excerpt":{"rendered":"<p>Willkommen bei REINOW Was in Vilshofen an der Donau als kleiner Reinigungsdienst begann, hat sich mit viel Engagement und Leidenschaft zu einem verl\u00e4sslichen Unternehmen entwickelt. Von Anfang an war es unser Ziel, mehr zu schaffen als nur saubere R\u00e4ume. Wir m\u00f6chten Orte gestalten, in denen man sich wirklich wohlf\u00fchlt. Seit Jahren arbeiten wir mit derselben [&hellip;]<\/p>\n","protected":false},"author":1,"featured_media":0,"parent":0,"menu_order":0,"comment_status":"closed","ping_status":"closed","template":"","meta":{"footnotes":""},"class_list":["post-1000","page","type-page","status-publish","hentry"],"_links":{"self":[{"href":"https:\/\/reinow.de\/en\/wp-json\/wp\/v2\/pages\/1000","targetHints":{"allow":["GET"]}}],"collection":[{"href":"https:\/\/reinow.de\/en\/wp-json\/wp\/v2\/pages"}],"about":[{"href":"https:\/\/reinow.de\/en\/wp-json\/wp\/v2\/types\/page"}],"author":[{"embeddable":true,"href":"https:\/\/reinow.de\/en\/wp-json\/wp\/v2\/users\/1"}],"replies":[{"embeddable":true,"href":"https:\/\/reinow.de\/en\/wp-json\/wp\/v2\/comments?post=1000"}],"version-history":[{"count":133,"href":"https:\/\/reinow.de\/en\/wp-json\/wp\/v2\/pages\/1000\/revisions"}],"predecessor-version":[{"id":2719,"href":"https:\/\/reinow.de\/en\/wp-json\/wp\/v2\/pages\/1000\/revisions\/2719"}],"wp:attachment":[{"href":"https:\/\/reinow.de\/en\/wp-json\/wp\/v2\/media?parent=1000"}],"curies":[{"name":"wp","href":"https:\/\/api.w.org\/{rel}","templated":true}]}}